{"id":275,"date":"2022-01-18T12:47:10","date_gmt":"2022-01-18T12:47:10","guid":{"rendered":"https:\/\/www.schule-kell.de\/?page_id=275"},"modified":"2022-05-01T18:27:38","modified_gmt":"2022-05-01T18:27:38","slug":"sportklasse","status":"publish","type":"page","link":"https:\/\/www.schule-kell.de\/?page_id=275","title":{"rendered":"Sportklasse"},"content":{"rendered":"\n[et_pb_section fb_built=&#8220;1&#8243; _builder_version=&#8220;4.14.6&#8243; _module_preset=&#8220;default&#8220; global_colors_info=&#8220;{}&#8220;][et_pb_row _builder_version=&#8220;4.14.6&#8243; _module_preset=&#8220;default&#8220; custom_margin=&#8220;-27px||||false|false&#8220; global_colors_info=&#8220;{}&#8220;][et_pb_column type=&#8220;4_4&#8243; _builder_version=&#8220;4.14.6&#8243; _module_preset=&#8220;default&#8220; global_colors_info=&#8220;{}&#8220;][et_pb_code _builder_version=&#8220;4.14.6&#8243; _module_preset=&#8220;default&#8220; text_orientation=&#8220;left&#8220; custom_margin=&#8220;|||-12px|false|false&#8220; custom_padding=&#8220;|||0px|false|false&#8220; global_colors_info=&#8220;{}&#8220;]\t\t\t<!-- Flexy Breadcrumb -->\r\n\t\t\t<div class=\"fbc fbc-page\">\r\n\r\n\t\t\t\t<!-- Breadcrumb wrapper -->\r\n\t\t\t\t<div class=\"fbc-wrap\">\r\n\r\n\t\t\t\t\t<!-- Ordered list-->\r\n\t\t\t\t\t<ol class=\"fbc-items\" itemscope itemtype=\"https:\/\/schema.org\/BreadcrumbList\">\r\n\t\t\t\t\t\t            <li itemprop=\"itemListElement\" itemscope itemtype=\"https:\/\/schema.org\/ListItem\">\r\n                <span itemprop=\"name\">\r\n                    <!-- Home Link -->\r\n                    <a itemprop=\"item\" href=\"https:\/\/www.schule-kell.de\">\r\n                    \r\n                                                    <i class=\"fa fa-home\" aria-hidden=\"true\"><\/i>Start                    <\/a>\r\n                <\/span>\r\n                <meta itemprop=\"position\" content=\"1\" \/><!-- Meta Position-->\r\n             <\/li><li><span class=\"fbc-separator\">>><\/span><\/li><li class=\"active\" itemprop=\"itemListElement\" itemscope itemtype=\"https:\/\/schema.org\/ListItem\"><span itemprop=\"name\" title=\"Sportklasse\">Sportklasse<\/span><meta itemprop=\"position\" content=\"2\" \/><\/li>\t\t\t\t\t<\/ol>\r\n\t\t\t\t\t<div class=\"clearfix\"><\/div>\r\n\t\t\t\t<\/div>\r\n\t\t\t<\/div>\r\n\t\t\t[\/et_pb_code][\/et_pb_column][\/et_pb_row][et_pb_row _builder_version=&#8220;4.14.6&#8243; _module_preset=&#8220;default&#8220; custom_padding=&#8220;0px||0px||false|false&#8220; global_colors_info=&#8220;{}&#8220;][et_pb_column type=&#8220;4_4&#8243; _builder_version=&#8220;4.14.6&#8243; _module_preset=&#8220;default&#8220; global_colors_info=&#8220;{}&#8220;][et_pb_text _builder_version=&#8220;4.14.6&#8243; _module_preset=&#8220;default&#8220; header_text_color=&#8220;#73B42B&#8220; global_colors_info=&#8220;{}&#8220;]<h1>Sportklasse<\/h1>[\/et_pb_text][\/et_pb_column][\/et_pb_row][et_pb_row column_structure=&#8220;3_5,2_5&#8243; make_equal=&#8220;on&#8220; _builder_version=&#8220;4.14.6&#8243; _module_preset=&#8220;default&#8220; custom_css_main_element=&#8220;align-items:center;\t||\t&#8220; global_colors_info=&#8220;{}&#8220;][et_pb_column type=&#8220;3_5&#8243; _builder_version=&#8220;4.14.6&#8243; _module_preset=&#8220;default&#8220; global_colors_info=&#8220;{}&#8220;][et_pb_text _builder_version=&#8220;4.14.6&#8243; _module_preset=&#8220;default&#8220; text_font=&#8220;Almarai||||||||&#8220; text_orientation=&#8220;justified&#8220; global_colors_info=&#8220;{}&#8220;]<p>Ein Team von engagierten Sportlehrer*innen bietet den Sch\u00fcler*innen der <strong>f\u00fcnften und sechsten<\/strong> Klassen das Angebot der Sportklasse an.\u00a0Zum regul\u00e4ren Sportunterricht am Vormittag erhalten die Sportklassensch\u00fcler*innen eine zus\u00e4tzliche Doppelstunde am Mittwochnachmittag.<\/p>\n<p>Nach dem regul\u00e4ren Unterrichtsschluss werden die Sportklassensch\u00fcler*innen von der Sportklassenlehrkraft und einer weiteren Aufsicht f\u00fchrenden Person zum nahegelegenen DRK-Seniorenzentrum begleitet, um dort gemeinsam das Mittagessen einzunehmen.<\/p>\n<p>Nach einer anschlie\u00dfenden Mittagspause \u00fcben sich die jungen Sportler*innen dann im Fair Play, in fachlichen F\u00e4higkeiten, f\u00f6rdern ihre motorische Entwicklung und vieles mehr.<\/p>\n<p>Die Besonderheiten der Sportklasse entnehmen Sie gerne der Grafik.<\/p>\n<p>Haben Sie Fragen oder Anregungen?<\/p>\n<p>Nutzen Sie bitte unser <u>Kontaktformular<\/u> oder sprechen Sie uns gerne auch pers\u00f6nlich an.\u00a0<\/p>[\/et_pb_text][\/et_pb_column][et_pb_column type=&#8220;2_5&#8243; _builder_version=&#8220;4.14.6&#8243; _module_preset=&#8220;default&#8220; global_colors_info=&#8220;{}&#8220;][et_pb_video src=&#8220;https:\/\/youtu.be\/DevqR1p4AYk&#8220; play_icon_color=&#8220;#E53315&#8243; thumbnail_overlay_color=&#8220;#D5EDF6&#8243; _builder_version=&#8220;4.14.6&#8243; _module_preset=&#8220;default&#8220; module_alignment=&#8220;center&#8220; border_width_all=&#8220;1px&#8220; border_color_all=&#8220;#73B42B&#8220; global_colors_info=&#8220;{}&#8220;][\/et_pb_video][\/et_pb_column][\/et_pb_row][et_pb_row column_structure=&#8220;2_5,3_5&#8243; make_equal=&#8220;on&#8220; _builder_version=&#8220;4.14.6&#8243; _module_preset=&#8220;default&#8220; custom_css_main_element=&#8220;align-items:center;\t&#8220; global_colors_info=&#8220;{}&#8220;][et_pb_column type=&#8220;2_5&#8243; _builder_version=&#8220;4.14.6&#8243; _module_preset=&#8220;default&#8220; global_colors_info=&#8220;{}&#8220;][et_pb_image src=&#8220;https:\/\/www.schule-kell.de\/wp-content\/uploads\/2022\/02\/Flyer-Sportklasse-2.jpg&#8220; _builder_version=&#8220;4.14.6&#8243; _module_preset=&#8220;default&#8220; hover_enabled=&#8220;0&#8243; global_colors_info=&#8220;{}&#8220; title_text=&#8220;Flyer Sportklasse 2&#8243; width=&#8220;80%&#8220; module_alignment=&#8220;center&#8220; show_in_lightbox=&#8220;on&#8220; sticky_enabled=&#8220;0&#8243;][\/et_pb_image][\/et_pb_column][et_pb_column type=&#8220;3_5&#8243; _builder_version=&#8220;4.14.6&#8243; _module_preset=&#8220;default&#8220; global_colors_info=&#8220;{}&#8220;][\/et_pb_column][\/et_pb_row][\/et_pb_section]\n","protected":false},"excerpt":{"rendered":"<p>\t\t\t<!-- Flexy Breadcrumb -->\r\n\t\t\t<div class=\"fbc fbc-page\">\r\n\r\n\t\t\t\t<!-- Breadcrumb wrapper -->\r\n\t\t\t\t<div class=\"fbc-wrap\">\r\n\r\n\t\t\t\t\t<!-- Ordered list-->\r\n\t\t\t\t\t<ol class=\"fbc-items\" itemscope itemtype=\"https:\/\/schema.org\/BreadcrumbList\">\r\n\t\t\t\t\t\t            <li itemprop=\"itemListElement\" itemscope itemtype=\"https:\/\/schema.org\/ListItem\">\r\n                <span itemprop=\"name\">\r\n                    <!-- Home Link -->\r\n                    <a itemprop=\"item\" href=\"https:\/\/www.schule-kell.de\">\r\n                    \r\n                                                    <i class=\"fa fa-home\" aria-hidden=\"true\"><\/i>Start                    <\/a>\r\n                <\/span>\r\n                <meta itemprop=\"position\" content=\"1\" \/><!-- Meta Position-->\r\n             <\/li><li><span class=\"fbc-separator\">>><\/span><\/li><li class=\"active\" itemprop=\"itemListElement\" itemscope itemtype=\"https:\/\/schema.org\/ListItem\"><span itemprop=\"name\" title=\"Sportklasse\">Sportklasse<\/span><meta itemprop=\"position\" content=\"2\" \/><\/li>\t\t\t\t\t<\/ol>\r\n\t\t\t\t\t<div class=\"clearfix\"><\/div>\r\n\t\t\t\t<\/div>\r\n\t\t\t<\/div>\r\n\t\t\tSportklasseEin Team von engagierten Sportlehrer*innen bietet den Sch\u00fcler*innen der f\u00fcnften und sechsten Klassen das Angebot der Sportklasse an.\u00a0Zum regul\u00e4ren Sportunterricht am Vormittag erhalten die Sportklassensch\u00fcler*innen eine zus\u00e4tzliche Doppelstunde am Mittwochnachmittag. Nach dem regul\u00e4ren Unterrichtsschluss werden die Sportklassensch\u00fcler*innen von der Sportklassenlehrkraft und einer weiteren Aufsicht f\u00fchrenden Person zum nahegelegenen DRK-Seniorenzentrum begleitet, um dort gemeinsam das Mittagessen [&hellip;]<\/p>\n","protected":false},"author":1,"featured_media":0,"parent":0,"menu_order":3,"comment_status":"closed","ping_status":"closed","template":"","meta":{"_et_pb_use_builder":"on","_et_pb_old_content":"<!-- wp:divi\/placeholder \/-->","_et_gb_content_width":"","footnotes":""},"class_list":["post-275","page","type-page","status-publish","hentry"],"_links":{"self":[{"href":"https:\/\/www.schule-kell.de\/index.php?rest_route=\/wp\/v2\/pages\/275","targetHints":{"allow":["GET"]}}],"collection":[{"href":"https:\/\/www.schule-kell.de\/index.php?rest_route=\/wp\/v2\/pages"}],"about":[{"href":"https:\/\/www.schule-kell.de\/index.php?rest_route=\/wp\/v2\/types\/page"}],"author":[{"embeddable":true,"href":"https:\/\/www.schule-kell.de\/index.php?rest_route=\/wp\/v2\/users\/1"}],"replies":[{"embeddable":true,"href":"https:\/\/www.schule-kell.de\/index.php?rest_route=%2Fwp%2Fv2%2Fcomments&post=275"}],"version-history":[{"count":5,"href":"https:\/\/www.schule-kell.de\/index.php?rest_route=\/wp\/v2\/pages\/275\/revisions"}],"predecessor-version":[{"id":1140,"href":"https:\/\/www.schule-kell.de\/index.php?rest_route=\/wp\/v2\/pages\/275\/revisions\/1140"}],"wp:attachment":[{"href":"https:\/\/www.schule-kell.de\/index.php?rest_route=%2Fwp%2Fv2%2Fmedia&parent=275"}],"curies":[{"name":"wp","href":"https:\/\/api.w.org\/{rel}","templated":true}]}}