{"id":273,"date":"2022-01-18T12:46:43","date_gmt":"2022-01-18T12:46:43","guid":{"rendered":"https:\/\/www.schule-kell.de\/?page_id=273"},"modified":"2022-09-04T17:51:51","modified_gmt":"2022-09-04T17:51:51","slug":"sprachzertifikate","status":"publish","type":"page","link":"https:\/\/www.schule-kell.de\/?page_id=273","title":{"rendered":"Sprachzertifikate"},"content":{"rendered":"<p>[et_pb_section fb_built=&#8220;1&#8243; _builder_version=&#8220;4.14.6&#8243; _module_preset=&#8220;default&#8220; global_colors_info=&#8220;{}&#8220;][et_pb_row _builder_version=&#8220;4.14.6&#8243; _module_preset=&#8220;default&#8220; custom_margin=&#8220;-27px||||false|false&#8220; global_colors_info=&#8220;{}&#8220;][et_pb_column type=&#8220;4_4&#8243; _builder_version=&#8220;4.14.6&#8243; _module_preset=&#8220;default&#8220; global_colors_info=&#8220;{}&#8220;][et_pb_code _builder_version=&#8220;4.14.6&#8243; _module_preset=&#8220;default&#8220; text_orientation=&#8220;left&#8220; custom_margin=&#8220;|||-12px|false|false&#8220; custom_padding=&#8220;|||0px|false|false&#8220; global_colors_info=&#8220;{}&#8220;]\t\t\t<!-- Flexy Breadcrumb -->\r\n\t\t\t<div class=\"fbc fbc-page\">\r\n\r\n\t\t\t\t<!-- Breadcrumb wrapper -->\r\n\t\t\t\t<div class=\"fbc-wrap\">\r\n\r\n\t\t\t\t\t<!-- Ordered list-->\r\n\t\t\t\t\t<ol class=\"fbc-items\" itemscope itemtype=\"https:\/\/schema.org\/BreadcrumbList\">\r\n\t\t\t\t\t\t            <li itemprop=\"itemListElement\" itemscope itemtype=\"https:\/\/schema.org\/ListItem\">\r\n                <span itemprop=\"name\">\r\n                    <!-- Home Link -->\r\n                    <a itemprop=\"item\" href=\"https:\/\/www.schule-kell.de\">\r\n                    \r\n                                                    <i class=\"fa fa-home\" aria-hidden=\"true\"><\/i>Start                    <\/a>\r\n                <\/span>\r\n                <meta itemprop=\"position\" content=\"1\" \/><!-- Meta Position-->\r\n             <\/li><li><span class=\"fbc-separator\">>><\/span><\/li><li class=\"active\" itemprop=\"itemListElement\" itemscope itemtype=\"https:\/\/schema.org\/ListItem\"><span itemprop=\"name\" title=\"Sprachzertifikate\">Sprachzertifikate<\/span><meta itemprop=\"position\" content=\"2\" \/><\/li>\t\t\t\t\t<\/ol>\r\n\t\t\t\t\t<div class=\"clearfix\"><\/div>\r\n\t\t\t\t<\/div>\r\n\t\t\t<\/div>\r\n\t\t\t[\/et_pb_code][\/et_pb_column][\/et_pb_row][et_pb_row _builder_version=&#8220;4.14.6&#8243; _module_preset=&#8220;default&#8220; custom_padding=&#8220;0px||0px||false|false&#8220; global_colors_info=&#8220;{}&#8220;][et_pb_column type=&#8220;4_4&#8243; _builder_version=&#8220;4.14.6&#8243; _module_preset=&#8220;default&#8220; global_colors_info=&#8220;{}&#8220;][et_pb_text _builder_version=&#8220;4.14.8&#8243; _module_preset=&#8220;default&#8220; header_text_color=&#8220;#73B42B&#8220; global_colors_info=&#8220;{}&#8220;]<\/p>\n<h1>Zertifikate<\/h1>\n<p>[\/et_pb_text][\/et_pb_column][\/et_pb_row][et_pb_row _builder_version=&#8220;4.14.8&#8243; _module_preset=&#8220;default&#8220; global_colors_info=&#8220;{}&#8220;][et_pb_column type=&#8220;4_4&#8243; _builder_version=&#8220;4.14.8&#8243; _module_preset=&#8220;default&#8220; global_colors_info=&#8220;{}&#8220;][et_pb_toggle title=&#8220;NanoBioLab Science School&#8220; open_toggle_text_color=&#8220;#73B42B&#8220; _builder_version=&#8220;4.14.8&#8243; _module_preset=&#8220;default&#8220; title_text_color=&#8220;#1B9DD9&#8243; title_font=&#8220;Almarai|700|||||||&#8220; body_font=&#8220;Almarai||||||||&#8220; body_link_text_color=&#8220;#1B9DD9&#8243; global_colors_info=&#8220;{}&#8220;]<\/p>\n<p style=\"text-align: justify;\">\n<p style=\"text-align: justify;\"><img loading=\"lazy\" decoding=\"async\" src=\"https:\/\/www.schule-kell.de\/wp-content\/uploads\/2022\/04\/NBL_Science_School_Logo-300x169.jpeg\" alt=\"\" class=\"wp-image-1064 alignnone size-medium\" width=\"300\" height=\"169\" \/><\/p>\n<p style=\"text-align: justify;\">Seit dem Jahr 2021 ist die Realschule plus Kell am See offiziell Nano BioLab Science School. Hierbei besteht zwischen der Schule und der Universit\u00e4t des Saarlandes in Saarbr\u00fccken ein Kooperationsvertrag, der das naturwissenschaftliche Arbeiten und insbesondere das Fach Chemie in den Focus r\u00fcckt.<\/p>\n<p style=\"text-align: justify;\">Die Universit\u00e4t bietet zum einen Projekte im Fachunterricht der Schule an, zum anderen haben unsere Sch\u00fcler*innen die M\u00f6glichkeit, in den Laboren und R\u00e4umlichkeiten der Universit\u00e4t Saarbr\u00fccken das naturwissenschaftliche Arbeiten im universit\u00e4ren Umfeld zu erleben.<\/p>\n<p style=\"text-align: justify;\">Durch die programmatische Ausrichtung der Schule werden hier Synergieeffekte geschaffen, die nachhaltiges Handeln und naturwissenschaftliche Forschen und Experimentieren kombinieren. Unsere Sch\u00fcler*innen profitieren von dieser einzigartigen M\u00f6glichkeit, Naturwissenschaften bzw. Chemie in einem v\u00f6llig neuen Kontext zu erleben.<\/p>\n<p style=\"text-align: justify;\">[\/et_pb_toggle][et_pb_toggle title=&#8220;Sprachzertifikat mit der DELF-AG&#8220; open_toggle_text_color=&#8220;#73B42B&#8220; _builder_version=&#8220;4.14.8&#8243; _module_preset=&#8220;default&#8220; title_text_color=&#8220;#1B9DD9&#8243; title_font=&#8220;Almarai|700|||||||&#8220; body_font=&#8220;Almarai||||||||&#8220; hover_enabled=&#8220;0&#8243; global_colors_info=&#8220;{}&#8220; body_link_text_color=&#8220;#007FE0&#8243; sticky_enabled=&#8220;0&#8243;]<\/p>\n<p><img loading=\"lazy\" decoding=\"async\" src=\"https:\/\/www.schule-kell.de\/wp-content\/uploads\/2022\/04\/delf-scolaire-cmjn-300x238.png\" alt=\"\" class=\"wp-image-1061 alignnone size-medium\" width=\"300\" height=\"238\" \/><\/p>\n<p><strong>DELF<\/strong> steht f\u00fcr \u201e<strong><em>d<\/em><\/strong><em>ipl\u00f4me d\u2019<strong>\u00e9<\/strong>tudes en <strong>l<\/strong>angue <strong>f<\/strong>ran\u00e7aise<\/em>\u201c und ist ein international anerkanntes Sprachzertifikat f\u00fcr Franz\u00f6sisch als Fremdsprache. Die Zertifikate werden vom <em>Institut Fran\u00e7ais<\/em> ausgestellt und belegen den Fortschritt der Sprachkenntnisse der Sch\u00fcler*innen. Insgesamt k\u00f6nnen vier Sprachniveaus des Gemeinsamen Europ\u00e4ischen Referenzrahmens f\u00fcr Sprachen (GER) bescheinigt werden (A1, A2, B1 und B2).<\/p>\n<p>Die DELF-Pr\u00fcfung, die aus einem schriftlichen und einem m\u00fcndlichen Pr\u00fcfungsteil besteht, attestiert die vier Sprachkompetenzen H\u00f6rverstehen, Leseverstehen, schriftlicher und m\u00fcndlicher Ausdruck.<\/p>\n<p>Nach bestandener Pr\u00fcfung ist das DELF-Diplom unbegrenzt g\u00fcltig und kann z.B. den Bewerbungsunterlagen beigelegt werden.<\/p>\n<p>Die Sch\u00fcler*innen der Realschule plus Kell am See nehmen zur Vorbereitung auf die Pr\u00fcfung des DELF Scolaire einmal w\u00f6chentlich an einer freiwilligen DELF-AG am Nachmittag teil, um sich auf die Pr\u00fcfungen der Kompetenzniveaus A1 und A2 vorzubereiten. Die Themen des DELF Scolaire sind hierbei spezifisch auf die Interessen der Sch\u00fcler*innen abgestimmt.<\/p>\n<p>Weitere Informationen finden Sie unter: <a href=\"https:\/\/www.institutfrancais.de\" target=\"_blank\" rel=\"noopener\">www.institutfrancais.de<\/a><\/p>\n<p>[\/et_pb_toggle][et_pb_toggle title=&#8220;Telc-AG zum Erwerb eines Fremdsprachenzertifikates in Englisch&#8220; open_toggle_text_color=&#8220;#73B42B&#8220; _builder_version=&#8220;4.14.8&#8243; _module_preset=&#8220;default&#8220; title_text_color=&#8220;#1B9DD9&#8243; title_font=&#8220;Almarai|700|||||||&#8220; body_font=&#8220;Almarai||||||||&#8220; body_link_text_color=&#8220;#1B9DD9&#8243; global_colors_info=&#8220;{}&#8220;]<\/p>\n<p>&nbsp;<\/p>\n<p><img loading=\"lazy\" decoding=\"async\" src=\"https:\/\/www.schule-kell.de\/wp-content\/uploads\/2022\/04\/telcLogo-300x174-1.png\" alt=\"\" class=\"wp-image-1065 alignnone size-full\" width=\"300\" height=\"174\" \/><\/p>\n<p style=\"text-align: justify;\">Seit 2010 bietet unsere Schule den Sch\u00fclern\/Innen der Klassenstufen 9 und 10 die M\u00f6glichkeit ein europaweit anerkanntes und lebenslang g\u00fcltiges Sprachzertifikat des Niveaus B1 in der englischen Sprache zu erlangen.\u00a0Die Sch\u00fcler\/Innen werden\u00a0 auf die Pr\u00fcfung im Rahmen einer AG intensiv vorbereitet. Dieses Zertifikat stellt eine Zusatzqualifikation Ihrer Kinder dar und bildet einen wichtigen Grundstein f\u00fcr die anstehenden Berwerbungen. Die Pr\u00fcfung wird von der VHS-Saarburg an unserer Schule durchgef\u00fchrt.<\/p>\n<p style=\"text-align: justify;\">Ansprechpartner an unserer Schule: <strong>Herr G\u00f6hler<\/strong><\/p>\n<p><strong>Weitere Informationen erhalten Sie unter:<\/strong><\/p>\n<p><a href=\"https:\/\/de.wikipedia.org\/wiki\/Gemeinsamer_Europ%C3%A4ischer_Referenzrahmen\">https:\/\/de.wikipedia.org\/wiki\/Gemeinsamer_Europ%C3%A4ischer_Referenzrahmen<\/a><\/p>\n<p><a href=\"https:\/\/www.telc.net\/unser-angebot\/englisch\/telc-english-b1-school\/informationen\/\">https:\/\/www.telc.net\/unser-angebot\/englisch\/telc-english-b1-school\/informationen\/<\/a><\/p>\n<p>[\/et_pb_toggle][\/et_pb_column][\/et_pb_row][\/et_pb_section]<\/p>\n","protected":false},"excerpt":{"rendered":"<p>\t\t\t<!-- Flexy Breadcrumb -->\r\n\t\t\t<div class=\"fbc fbc-page\">\r\n\r\n\t\t\t\t<!-- Breadcrumb wrapper -->\r\n\t\t\t\t<div class=\"fbc-wrap\">\r\n\r\n\t\t\t\t\t<!-- Ordered list-->\r\n\t\t\t\t\t<ol class=\"fbc-items\" itemscope itemtype=\"https:\/\/schema.org\/BreadcrumbList\">\r\n\t\t\t\t\t\t            <li itemprop=\"itemListElement\" itemscope itemtype=\"https:\/\/schema.org\/ListItem\">\r\n                <span itemprop=\"name\">\r\n                    <!-- Home Link -->\r\n                    <a itemprop=\"item\" href=\"https:\/\/www.schule-kell.de\">\r\n                    \r\n                                                    <i class=\"fa fa-home\" aria-hidden=\"true\"><\/i>Start                    <\/a>\r\n                <\/span>\r\n                <meta itemprop=\"position\" content=\"1\" \/><!-- Meta Position-->\r\n             <\/li><li><span class=\"fbc-separator\">>><\/span><\/li><li class=\"active\" itemprop=\"itemListElement\" itemscope itemtype=\"https:\/\/schema.org\/ListItem\"><span itemprop=\"name\" title=\"Sprachzertifikate\">Sprachzertifikate<\/span><meta itemprop=\"position\" content=\"2\" \/><\/li>\t\t\t\t\t<\/ol>\r\n\t\t\t\t\t<div class=\"clearfix\"><\/div>\r\n\t\t\t\t<\/div>\r\n\t\t\t<\/div>\r\n\t\t\tZertifikate Seit dem Jahr 2021 ist die Realschule plus Kell am See offiziell Nano BioLab Science School. Hierbei besteht zwischen der Schule und der Universit\u00e4t des Saarlandes in Saarbr\u00fccken ein Kooperationsvertrag, der das naturwissenschaftliche Arbeiten und insbesondere das Fach Chemie in den Focus r\u00fcckt. Die Universit\u00e4t bietet zum einen Projekte im Fachunterricht der Schule an, [&hellip;]<\/p>\n","protected":false},"author":1,"featured_media":0,"parent":0,"menu_order":1,"comment_status":"closed","ping_status":"closed","template":"","meta":{"_et_pb_use_builder":"on","_et_pb_old_content":"<!-- wp:divi\/placeholder \/-->","_et_gb_content_width":"","footnotes":""},"class_list":["post-273","page","type-page","status-publish","hentry"],"_links":{"self":[{"href":"https:\/\/www.schule-kell.de\/index.php?rest_route=\/wp\/v2\/pages\/273","targetHints":{"allow":["GET"]}}],"collection":[{"href":"https:\/\/www.schule-kell.de\/index.php?rest_route=\/wp\/v2\/pages"}],"about":[{"href":"https:\/\/www.schule-kell.de\/index.php?rest_route=\/wp\/v2\/types\/page"}],"author":[{"embeddable":true,"href":"https:\/\/www.schule-kell.de\/index.php?rest_route=\/wp\/v2\/users\/1"}],"replies":[{"embeddable":true,"href":"https:\/\/www.schule-kell.de\/index.php?rest_route=%2Fwp%2Fv2%2Fcomments&post=273"}],"version-history":[{"count":15,"href":"https:\/\/www.schule-kell.de\/index.php?rest_route=\/wp\/v2\/pages\/273\/revisions"}],"predecessor-version":[{"id":1357,"href":"https:\/\/www.schule-kell.de\/index.php?rest_route=\/wp\/v2\/pages\/273\/revisions\/1357"}],"wp:attachment":[{"href":"https:\/\/www.schule-kell.de\/index.php?rest_route=%2Fwp%2Fv2%2Fmedia&parent=273"}],"curies":[{"name":"wp","href":"https:\/\/api.w.org\/{rel}","templated":true}]}}