{"id":268,"date":"2022-01-18T12:44:07","date_gmt":"2022-01-18T12:44:07","guid":{"rendered":"https:\/\/www.schule-kell.de\/?page_id=268"},"modified":"2025-09-16T06:21:42","modified_gmt":"2025-09-16T06:21:42","slug":"verbindungslehrer","status":"publish","type":"page","link":"https:\/\/www.schule-kell.de\/?page_id=268","title":{"rendered":"Verbindungslehrer"},"content":{"rendered":"<p>[et_pb_section fb_built=&#8220;1&#8243; _builder_version=&#8220;4.16&#8243; _module_preset=&#8220;default&#8220; global_colors_info=&#8220;{}&#8220;][et_pb_row _builder_version=&#8220;4.16&#8243; _module_preset=&#8220;default&#8220; custom_margin=&#8220;-27px||||false|false&#8220; global_colors_info=&#8220;{}&#8220;][et_pb_column type=&#8220;4_4&#8243; _builder_version=&#8220;4.16&#8243; _module_preset=&#8220;default&#8220; global_colors_info=&#8220;{}&#8220;][et_pb_code _builder_version=&#8220;4.16&#8243; _module_preset=&#8220;default&#8220; text_orientation=&#8220;left&#8220; custom_margin=&#8220;|||-12px|false|false&#8220; custom_padding=&#8220;|||0px|false|false&#8220; global_colors_info=&#8220;{}&#8220;]\t\t\t<!-- Flexy Breadcrumb -->\r\n\t\t\t<div class=\"fbc fbc-page\">\r\n\r\n\t\t\t\t<!-- Breadcrumb wrapper -->\r\n\t\t\t\t<div class=\"fbc-wrap\">\r\n\r\n\t\t\t\t\t<!-- Ordered list-->\r\n\t\t\t\t\t<ol class=\"fbc-items\" itemscope itemtype=\"https:\/\/schema.org\/BreadcrumbList\">\r\n\t\t\t\t\t\t            <li itemprop=\"itemListElement\" itemscope itemtype=\"https:\/\/schema.org\/ListItem\">\r\n                <span itemprop=\"name\">\r\n                    <!-- Home Link -->\r\n                    <a itemprop=\"item\" href=\"https:\/\/www.schule-kell.de\">\r\n                    \r\n                                                    <i class=\"fa fa-home\" aria-hidden=\"true\"><\/i>Start                    <\/a>\r\n                <\/span>\r\n                <meta itemprop=\"position\" content=\"1\" \/><!-- Meta Position-->\r\n             <\/li><li><span class=\"fbc-separator\">>><\/span><\/li><li class=\"active\" itemprop=\"itemListElement\" itemscope itemtype=\"https:\/\/schema.org\/ListItem\"><span itemprop=\"name\" title=\"Verbindungslehrer\">Verbindungslehrer<\/span><meta itemprop=\"position\" content=\"2\" \/><\/li>\t\t\t\t\t<\/ol>\r\n\t\t\t\t\t<div class=\"clearfix\"><\/div>\r\n\t\t\t\t<\/div>\r\n\t\t\t<\/div>\r\n\t\t\t[\/et_pb_code][\/et_pb_column][\/et_pb_row][et_pb_row _builder_version=&#8220;4.16&#8243; _module_preset=&#8220;default&#8220; custom_padding=&#8220;0px||0px||false|false&#8220; global_colors_info=&#8220;{}&#8220;][et_pb_column type=&#8220;4_4&#8243; _builder_version=&#8220;4.16&#8243; _module_preset=&#8220;default&#8220; global_colors_info=&#8220;{}&#8220;][et_pb_text _builder_version=&#8220;4.22.1&#8243; _module_preset=&#8220;default&#8220; header_text_color=&#8220;#73B42B&#8220; global_colors_info=&#8220;{}&#8220;]<\/p>\n<h1>Verbindungslehrkraft<\/h1>\n<p>[\/et_pb_text][\/et_pb_column][\/et_pb_row][et_pb_row column_structure=&#8220;3_5,2_5&#8243; make_equal=&#8220;on&#8220; _builder_version=&#8220;4.16&#8243; _module_preset=&#8220;default&#8220; custom_css_main_element=&#8220;align-items:center;\t||\t&#8220; global_colors_info=&#8220;{}&#8220;][et_pb_column type=&#8220;3_5&#8243; _builder_version=&#8220;4.16&#8243; _module_preset=&#8220;default&#8220; global_colors_info=&#8220;{}&#8220;][et_pb_text _builder_version=&#8220;4.16&#8243; _module_preset=&#8220;default&#8220; text_font=&#8220;Almarai||||||||&#8220; link_text_color=&#8220;#1B9DD9&#8243; text_orientation=&#8220;justified&#8220; global_colors_info=&#8220;{}&#8220;]<\/p>\n<p>Liebe Schulgemeinschaft,<\/p>\n<p>mit dem Beginn des Schuljahres wurde ich zum Verbindungslehrer gew\u00e4hlt. F\u00fcr dieses Vertrauen m\u00f6chte ich Euch herzlich danken.<\/p>\n<p>Meine Aufgabe ist es, dass Ihr Euch in schwierigen Situationen an mich wenden k\u00f6nnt. Gemeinsam werden wir nach L\u00f6sungen suchen, sodass wir f\u00fcr Euch einen Weg finden.<\/p>\n<p>&nbsp;<\/p>\n<p style=\"text-align: right;\"><em>\u201eDie gr\u00f6\u00dfte Ehre, die man einem Menschen antun kann, ist die, dass man zu ihm vertrauen hat.\u201c<\/em><br \/>(Matthias Claudius, 1740-1815, deutscher Dichter)<\/p>\n<p>&nbsp;<\/p>\n<p>&nbsp;<\/p>\n<p>Nach aktuellem Stundenplan ist die Sprechstunde dienstags in der 4. Stunde (10:40-11:30 Uhr).<\/p>\n<p>Du kannst mir auch eine Nachricht im Briefkasten vor dem Sekretariat hinterlassen, wenn du erst einmal schriftlich etwas mitteilen m\u00f6chtest. Ich schaue dort regelm\u00e4\u00dfig nach.<\/p>\n<p>Thomas M\u00fcller<\/p>\n<p>&nbsp;<\/p>\n<p>&nbsp;<\/p>\n<p>[\/et_pb_text][\/et_pb_column][et_pb_column type=&#8220;2_5&#8243; _builder_version=&#8220;4.16&#8243; _module_preset=&#8220;default&#8220; global_colors_info=&#8220;{}&#8220;][et_pb_image src=&#8220;https:\/\/www.schule-kell.de\/wp-content\/uploads\/2025\/09\/Mueller-T-scaled.jpg&#8220; _builder_version=&#8220;4.22.1&#8243; _module_preset=&#8220;default&#8220; title_text=&#8220;M\u00fcller, T.&#8220; hover_enabled=&#8220;0&#8243; sticky_enabled=&#8220;0&#8243; custom_padding=&#8220;||0px|||&#8220;][\/et_pb_image][\/et_pb_column][\/et_pb_row][\/et_pb_section][et_pb_section fb_built=&#8220;1&#8243; _builder_version=&#8220;4.16&#8243; _module_preset=&#8220;default&#8220; background_color=&#8220;#73B42B&#8220; collapsed=&#8220;on&#8220; global_colors_info=&#8220;{}&#8220;][et_pb_row column_structure=&#8220;1_6,1_6,1_6,1_6,1_6,1_6&#8243; use_custom_gutter=&#8220;on&#8220; make_equal=&#8220;on&#8220; _builder_version=&#8220;4.16&#8243; _module_preset=&#8220;default&#8220; background_color=&#8220;#73B42B&#8220; max_width=&#8220;100%&#8220; module_alignment=&#8220;center&#8220; custom_margin=&#8220;|0px||0px|false|false&#8220; custom_padding=&#8220;0px||||false|false&#8220; global_colors_info=&#8220;{}&#8220;][et_pb_column type=&#8220;1_6&#8243; _builder_version=&#8220;4.16&#8243; _module_preset=&#8220;default&#8220; global_colors_info=&#8220;{}&#8220;][et_pb_text _builder_version=&#8220;4.16&#8243; _module_preset=&#8220;default&#8220; text_font=&#8220;Almarai||||||||&#8220; text_text_color=&#8220;#ffffff&#8220; header_4_font=&#8220;|700|||||||&#8220; header_4_text_color=&#8220;#ffffff&#8220; header_4_line_height=&#8220;1.8em&#8220; header_5_font=&#8220;Almarai|700|||||||&#8220; header_5_text_color=&#8220;#ffffff&#8220; header_5_line_height=&#8220;1.8em&#8220; width=&#8220;120%&#8220; custom_margin=&#8220;|||0px|false|false&#8220; global_colors_info=&#8220;{}&#8220;]<\/p>\n<h5>Realschule plus<br \/>Kell am See<\/h5>\n<p>[\/et_pb_text][\/et_pb_column][et_pb_column type=&#8220;1_6&#8243; _builder_version=&#8220;4.16&#8243; _module_preset=&#8220;default&#8220; global_colors_info=&#8220;{}&#8220;][et_pb_text _builder_version=&#8220;4.16&#8243; _module_preset=&#8220;default&#8220; text_font=&#8220;Almarai||||||||&#8220; text_text_color=&#8220;#ffffff&#8220; header_4_font=&#8220;|700|||||||&#8220; header_4_text_color=&#8220;#ffffff&#8220; header_4_line_height=&#8220;1.8em&#8220; header_5_font=&#8220;Almarai|700|||||||&#8220; header_5_text_color=&#8220;#ffffff&#8220; header_5_line_height=&#8220;1.8em&#8220; width=&#8220;120%&#8220; custom_margin=&#8220;|||0px|false|false&#8220; global_colors_info=&#8220;{}&#8220;]<\/p>\n<p>Schulstra\u00dfe 12<br \/>54427 Kell am See<\/p>\n<p>[\/et_pb_text][\/et_pb_column][et_pb_column type=&#8220;1_6&#8243; _builder_version=&#8220;4.16&#8243; _module_preset=&#8220;default&#8220; global_colors_info=&#8220;{}&#8220;][et_pb_text _builder_version=&#8220;4.22.1&#8243; _module_preset=&#8220;default&#8220; text_font=&#8220;Almarai||||||||&#8220; text_text_color=&#8220;#ffffff&#8220; header_4_font=&#8220;|700|||||||&#8220; header_4_text_color=&#8220;#ffffff&#8220; header_4_line_height=&#8220;1.8em&#8220; header_5_font=&#8220;Almarai|700|||||||&#8220; header_5_text_color=&#8220;#ffffff&#8220; header_5_line_height=&#8220;1.8em&#8220; width=&#8220;120%&#8220; custom_margin=&#8220;|||0px|false|false&#8220; global_colors_info=&#8220;{}&#8220;]<\/p>\n<p><a href=\"tel:+496589330\">Telefon +49 (0) 6589 330<\/a><br \/><a href=\"mailto:sekretariat@schule-kell.de\">sekretariat@schule-kell.de<\/a><\/p>\n<p>[\/et_pb_text][\/et_pb_column][et_pb_column type=&#8220;1_6&#8243; _builder_version=&#8220;4.16&#8243; _module_preset=&#8220;default&#8220; global_colors_info=&#8220;{}&#8220;][\/et_pb_column][et_pb_column type=&#8220;1_6&#8243; _builder_version=&#8220;4.16&#8243; _module_preset=&#8220;default&#8220; global_colors_info=&#8220;{}&#8220;][et_pb_text _builder_version=&#8220;4.22.1&#8243; _module_preset=&#8220;default&#8220; text_font=&#8220;Almarai||||||||&#8220; text_text_color=&#8220;#ffffff&#8220; header_4_font=&#8220;|700|||||||&#8220; header_4_text_color=&#8220;#ffffff&#8220; header_4_line_height=&#8220;1.8em&#8220; header_5_font=&#8220;Almarai|700|||||||&#8220; header_5_text_color=&#8220;#ffffff&#8220; header_5_line_height=&#8220;1.8em&#8220; width=&#8220;120%&#8220; custom_margin=&#8220;|||0px|false|false&#8220; global_colors_info=&#8220;{}&#8220;]<\/p>\n<p><a href=\"https:\/\/www.schule-kell.de\/?page_id=513\">Impressum<\/a><br \/><a href=\"https:\/\/www.schule-kell.de\/?page_id=507\">Datenschutz<\/a><\/p>\n<p>[\/et_pb_text][\/et_pb_column][et_pb_column type=&#8220;1_6&#8243; _builder_version=&#8220;4.16&#8243; _module_preset=&#8220;default&#8220; global_colors_info=&#8220;{}&#8220;][et_pb_text _builder_version=&#8220;4.16&#8243; _module_preset=&#8220;default&#8220; text_font=&#8220;Almarai||||||||&#8220; text_text_color=&#8220;#ffffff&#8220; header_4_font=&#8220;|700|||||||&#8220; header_4_text_color=&#8220;#ffffff&#8220; header_4_line_height=&#8220;1.8em&#8220; header_5_font=&#8220;Almarai|700|||||||&#8220; header_5_text_color=&#8220;#ffffff&#8220; header_5_line_height=&#8220;1.8em&#8220; width=&#8220;120%&#8220; custom_margin=&#8220;|||0px|false|false&#8220; global_colors_info=&#8220;{}&#8220;]<\/p>\n<p><i class=\"fa-brands fa-instagram\"><\/i>\u00a0 <a href=\"https:\/\/www.instagram.com\/rspluskellamsee\" target=\"_blank\" rel=\"noopener\">Instagram<\/a><br \/><i class=\"fa-brands fa-youtube\"><\/i>\u00a0 <a href=\"https:\/\/www.youtube.com\/channel\/UC2W1pSw30Wq9LjAFN7DP2vQ\" target=\"_blank\" rel=\"noopener\">Youtube<\/a><\/p>\n<p>[\/et_pb_text][\/et_pb_column][\/et_pb_row][et_pb_row column_structure=&#8220;1_6,1_6,1_6,1_6,1_6,1_6&#8243; use_custom_gutter=&#8220;on&#8220; make_equal=&#8220;on&#8220; _builder_version=&#8220;4.16&#8243; _module_preset=&#8220;default&#8220; background_color=&#8220;#73B42B&#8220; max_width=&#8220;100%&#8220; module_alignment=&#8220;center&#8220; custom_margin=&#8220;|0px||0px|false|false&#8220; custom_padding=&#8220;0px||||false|false&#8220; global_colors_info=&#8220;{}&#8220;][et_pb_column type=&#8220;1_6&#8243; _builder_version=&#8220;4.16&#8243; _module_preset=&#8220;default&#8220; global_colors_info=&#8220;{}&#8220;][et_pb_image src=&#8220;https:\/\/www.schule-kell.de\/wp-content\/uploads\/2022\/06\/bne-rlp-2018.gif&#8220; title_text=&#8220;bne-rlp-2018&#8243; url=&#8220;@ET-DC@eyJkeW5hbWljIjp0cnVlLCJjb250ZW50IjoicG9zdF9saW5rX3VybF9wYWdlIiwic2V0dGluZ3MiOnsicG9zdF9pZCI6IjI4MyJ9fQ==@&#8220; _builder_version=&#8220;4.16&#8243; _dynamic_attributes=&#8220;url&#8220; _module_preset=&#8220;default&#8220; global_colors_info=&#8220;{}&#8220;][\/et_pb_image][\/et_pb_column][et_pb_column type=&#8220;1_6&#8243; _builder_version=&#8220;4.16&#8243; _module_preset=&#8220;default&#8220; global_colors_info=&#8220;{}&#8220;][et_pb_image src=&#8220;https:\/\/www.schule-kell.de\/wp-content\/uploads\/2022\/04\/Logo-Fairtrade-School-Homepage-300&#215;220-1.webp&#8220; title_text=&#8220;Logo-Fairtrade-School-Homepage-300&#215;220&#8243; url=&#8220;@ET-DC@eyJkeW5hbWljIjp0cnVlLCJjb250ZW50IjoicG9zdF9saW5rX3VybF9wYWdlIiwic2V0dGluZ3MiOnsicG9zdF9pZCI6IjI4MSJ9fQ==@&#8220; _builder_version=&#8220;4.16&#8243; _dynamic_attributes=&#8220;url&#8220; _module_preset=&#8220;default&#8220; global_colors_info=&#8220;{}&#8220;][\/et_pb_image][\/et_pb_column][et_pb_column type=&#8220;1_6&#8243; _builder_version=&#8220;4.16&#8243; _module_preset=&#8220;default&#8220; global_colors_info=&#8220;{}&#8220;][et_pb_image src=&#8220;https:\/\/www.schule-kell.de\/wp-content\/uploads\/2022\/04\/Nachhaltige-Schule-RLP.jpg&#8220; title_text=&#8220;Nachhaltige Schule RLP&#8220; url=&#8220;@ET-DC@eyJkeW5hbWljIjp0cnVlLCJjb250ZW50IjoicG9zdF9saW5rX3VybF9wYWdlIiwic2V0dGluZ3MiOnsicG9zdF9pZCI6IjI4MyJ9fQ==@&#8220; _builder_version=&#8220;4.16&#8243; _dynamic_attributes=&#8220;url&#8220; _module_preset=&#8220;default&#8220; global_colors_info=&#8220;{}&#8220;][\/et_pb_image][\/et_pb_column][et_pb_column type=&#8220;1_6&#8243; _builder_version=&#8220;4.16&#8243; _module_preset=&#8220;default&#8220; global_colors_info=&#8220;{}&#8220;][et_pb_image src=&#8220;https:\/\/www.schule-kell.de\/wp-content\/uploads\/2022\/04\/NBL_Science_School_Logo.jpeg&#8220; title_text=&#8220;NBL_Science_School_Logo&#8220; url=&#8220;@ET-DC@eyJkeW5hbWljIjp0cnVlLCJjb250ZW50IjoicG9zdF9saW5rX3VybF9wYWdlIiwic2V0dGluZ3MiOnsicG9zdF9pZCI6IjI3MyJ9fQ==@&#8220; _builder_version=&#8220;4.16&#8243; _dynamic_attributes=&#8220;url&#8220; _module_preset=&#8220;default&#8220; global_colors_info=&#8220;{}&#8220;][\/et_pb_image][\/et_pb_column][et_pb_column type=&#8220;1_6&#8243; _builder_version=&#8220;4.16&#8243; _module_preset=&#8220;default&#8220; global_colors_info=&#8220;{}&#8220;][et_pb_image src=&#8220;https:\/\/www.schule-kell.de\/wp-content\/uploads\/2022\/04\/delf-scolaire-cmjn.png&#8220; title_text=&#8220;delf-scolaire-cmjn&#8220; url=&#8220;@ET-DC@eyJkeW5hbWljIjp0cnVlLCJjb250ZW50IjoicG9zdF9saW5rX3VybF9wYWdlIiwic2V0dGluZ3MiOnsicG9zdF9pZCI6IjI3MyJ9fQ==@&#8220; _builder_version=&#8220;4.16&#8243; _dynamic_attributes=&#8220;url&#8220; _module_preset=&#8220;default&#8220; global_colors_info=&#8220;{}&#8220;][\/et_pb_image][\/et_pb_column][et_pb_column type=&#8220;1_6&#8243; _builder_version=&#8220;4.16&#8243; _module_preset=&#8220;default&#8220; global_colors_info=&#8220;{}&#8220;][et_pb_image src=&#8220;https:\/\/www.schule-kell.de\/wp-content\/uploads\/2022\/04\/telcLogo-300&#215;174-1.png&#8220; title_text=&#8220;telcLogo-300&#215;174&#8243; url=&#8220;@ET-DC@eyJkeW5hbWljIjp0cnVlLCJjb250ZW50IjoicG9zdF9saW5rX3VybF9wYWdlIiwic2V0dGluZ3MiOnsicG9zdF9pZCI6IjI3MyJ9fQ==@&#8220; _builder_version=&#8220;4.16&#8243; _dynamic_attributes=&#8220;url&#8220; _module_preset=&#8220;default&#8220; global_colors_info=&#8220;{}&#8220;][\/et_pb_image][\/et_pb_column][\/et_pb_row][\/et_pb_section][et_pb_section fb_built=&#8220;1&#8243; _builder_version=&#8220;4.14.6&#8243; _module_preset=&#8220;default&#8220; background_color=&#8220;RGBA(255,255,255,0)&#8220; positioning=&#8220;fixed&#8220; position_origin_f=&#8220;top_center&#8220; position_origin_r=&#8220;top_right&#8220; z_index=&#8220;-500&#8243; min_height=&#8220;157.8px&#8220; global_module=&#8220;670&#8243; global_colors_info=&#8220;{}&#8220;][et_pb_row _builder_version=&#8220;4.16&#8243; _module_preset=&#8220;default&#8220; global_colors_info=&#8220;{}&#8220;][et_pb_column type=&#8220;4_4&#8243; _builder_version=&#8220;4.16&#8243; _module_preset=&#8220;default&#8220; global_colors_info=&#8220;{}&#8220;][et_pb_text disabled_on=&#8220;off|off|off&#8220; _builder_version=&#8220;4.16&#8243; _dynamic_attributes=&#8220;link_option_url&#8220; _module_preset=&#8220;default&#8220; text_font_size=&#8220;25px&#8220; text_line_height=&#8220;1.6em&#8220; background_color=&#8220;#73B42B&#8220; positioning=&#8220;fixed&#8220; position_origin_f=&#8220;top_right&#8220; vertical_offset=&#8220;155px&#8220; text_orientation=&#8220;center&#8220; background_layout=&#8220;dark&#8220; width=&#8220;40px&#8220; width_tablet=&#8220;40px&#8220; width_phone=&#8220;40px&#8220; width_last_edited=&#8220;on|desktop&#8220; max_width=&#8220;40px&#8220; height=&#8220;40px&#8220; max_height=&#8220;40px&#8220; overflow-x=&#8220;scroll&#8220; link_option_url=&#8220;@ET-DC@eyJkeW5hbWljIjp0cnVlLCJjb250ZW50IjoicG9zdF9saW5rX3VybF9wYWdlIiwic2V0dGluZ3MiOnsicG9zdF9pZCI6Ijc2NCJ9fQ==@&#8220; border_radii=&#8220;off|5px|||5px&#8220; global_colors_info=&#8220;{}&#8220;]<\/p>\n<p><i class=\"fa-solid fa-envelope\"><\/i><\/p>\n<p>[\/et_pb_text][et_pb_image src=&#8220;https:\/\/www.schule-kell.de\/wp-content\/uploads\/2022\/09\/ho\u0308rer-1.png&#8220; title_text=&#8220;ho\u0308rer&#8220; url=&#8220;tel:+496589330&#8243; _builder_version=&#8220;4.16&#8243; _module_preset=&#8220;default&#8220; positioning=&#8220;fixed&#8220; position_origin_f=&#8220;top_right&#8220; vertical_offset=&#8220;110px&#8220; width=&#8220;40px&#8220; border_radii=&#8220;off|5px|||5px&#8220; global_colors_info=&#8220;{}&#8220;][\/et_pb_image][et_pb_image src=&#8220;https:\/\/www.schule-kell.de\/wp-content\/uploads\/2022\/09\/umschlag-1.png&#8220; title_text=&#8220;umschlag&#8220; url=&#8220;@ET-DC@eyJkeW5hbWljIjp0cnVlLCJjb250ZW50IjoicG9zdF9saW5rX3VybF9wYWdlIiwic2V0dGluZ3MiOnsicG9zdF9pZCI6Ijc2NCJ9fQ==@&#8220; _builder_version=&#8220;4.16&#8243; _dynamic_attributes=&#8220;url&#8220; _module_preset=&#8220;default&#8220; positioning=&#8220;fixed&#8220; position_origin_f=&#8220;top_right&#8220; vertical_offset=&#8220;155px&#8220; width=&#8220;40px&#8220; border_radii=&#8220;off|5px|||5px&#8220; global_colors_info=&#8220;{}&#8220;][\/et_pb_image][\/et_pb_column][\/et_pb_row][\/et_pb_section]<\/p>\n","protected":false},"excerpt":{"rendered":"<p>\t\t\t<!-- Flexy Breadcrumb -->\r\n\t\t\t<div class=\"fbc fbc-page\">\r\n\r\n\t\t\t\t<!-- Breadcrumb wrapper -->\r\n\t\t\t\t<div class=\"fbc-wrap\">\r\n\r\n\t\t\t\t\t<!-- Ordered list-->\r\n\t\t\t\t\t<ol class=\"fbc-items\" itemscope itemtype=\"https:\/\/schema.org\/BreadcrumbList\">\r\n\t\t\t\t\t\t            <li itemprop=\"itemListElement\" itemscope itemtype=\"https:\/\/schema.org\/ListItem\">\r\n                <span itemprop=\"name\">\r\n                    <!-- Home Link -->\r\n                    <a itemprop=\"item\" href=\"https:\/\/www.schule-kell.de\">\r\n                    \r\n                                                    <i class=\"fa fa-home\" aria-hidden=\"true\"><\/i>Start                    <\/a>\r\n                <\/span>\r\n                <meta itemprop=\"position\" content=\"1\" \/><!-- Meta Position-->\r\n             <\/li><li><span class=\"fbc-separator\">>><\/span><\/li><li class=\"active\" itemprop=\"itemListElement\" itemscope itemtype=\"https:\/\/schema.org\/ListItem\"><span itemprop=\"name\" title=\"Verbindungslehrer\">Verbindungslehrer<\/span><meta itemprop=\"position\" content=\"2\" \/><\/li>\t\t\t\t\t<\/ol>\r\n\t\t\t\t\t<div class=\"clearfix\"><\/div>\r\n\t\t\t\t<\/div>\r\n\t\t\t<\/div>\r\n\t\t\tVerbindungslehrkraftLiebe Schulgemeinschaft, mit dem Beginn des Schuljahres wurde ich zum Verbindungslehrer gew\u00e4hlt. F\u00fcr dieses Vertrauen m\u00f6chte ich Euch herzlich danken. Meine Aufgabe ist es, dass Ihr Euch in schwierigen Situationen an mich wenden k\u00f6nnt. Gemeinsam werden wir nach L\u00f6sungen suchen, sodass wir f\u00fcr Euch einen Weg finden. &nbsp; \u201eDie gr\u00f6\u00dfte Ehre, die man einem Menschen [&hellip;]<\/p>\n","protected":false},"author":1,"featured_media":0,"parent":0,"menu_order":4,"comment_status":"closed","ping_status":"closed","template":"","meta":{"_et_pb_use_builder":"on","_et_pb_old_content":"<!-- wp:divi\/placeholder \/-->","_et_gb_content_width":"","footnotes":""},"class_list":["post-268","page","type-page","status-publish","hentry"],"_links":{"self":[{"href":"https:\/\/www.schule-kell.de\/index.php?rest_route=\/wp\/v2\/pages\/268","targetHints":{"allow":["GET"]}}],"collection":[{"href":"https:\/\/www.schule-kell.de\/index.php?rest_route=\/wp\/v2\/pages"}],"about":[{"href":"https:\/\/www.schule-kell.de\/index.php?rest_route=\/wp\/v2\/types\/page"}],"author":[{"embeddable":true,"href":"https:\/\/www.schule-kell.de\/index.php?rest_route=\/wp\/v2\/users\/1"}],"replies":[{"embeddable":true,"href":"https:\/\/www.schule-kell.de\/index.php?rest_route=%2Fwp%2Fv2%2Fcomments&post=268"}],"version-history":[{"count":9,"href":"https:\/\/www.schule-kell.de\/index.php?rest_route=\/wp\/v2\/pages\/268\/revisions"}],"predecessor-version":[{"id":2561,"href":"https:\/\/www.schule-kell.de\/index.php?rest_route=\/wp\/v2\/pages\/268\/revisions\/2561"}],"wp:attachment":[{"href":"https:\/\/www.schule-kell.de\/index.php?rest_route=%2Fwp%2Fv2%2Fmedia&parent=268"}],"curies":[{"name":"wp","href":"https:\/\/api.w.org\/{rel}","templated":true}]}}